{"id":3,"date":"2026-02-26T23:30:51","date_gmt":"2026-02-26T23:30:51","guid":{"rendered":"https:\/\/sesnov.net\/?page_id=3"},"modified":"2026-03-04T07:46:17","modified_gmt":"2026-03-04T07:46:17","slug":"politique-de-confidentialite","status":"publish","type":"page","link":"https:\/\/sesnov.net\/en\/politique-de-confidentialite\/","title":{"rendered":"Politique de Confidentialit\u00e9"},"content":{"rendered":"<h2 data-start=\"207\" data-end=\"228\">1. Qui sommes-nous<\/h2>\n<p data-start=\"230\" data-end=\"383\">SESNOV est une entreprise marocaine sp\u00e9cialis\u00e9e dans les solutions techniques int\u00e9gr\u00e9es pour les entreprises, h\u00f4tels, commerces et projets industriels.<\/p>\n<p data-start=\"385\" data-end=\"607\">Nos domaines d\u2019intervention incluent l\u2019\u00e9lectricit\u00e9, les r\u00e9seaux informatiques, la fibre optique, la vid\u00e9osurveillance, la s\u00e9curit\u00e9 incendie, le smart building et le d\u00e9veloppement IT. <button class=\"ms-1 flex h-[25px] text-[10px] leading-[13px] rounded-xl corner-superellipse\/1.1 items-center justify-center gap-1 px-2 relative text-token-text-secondary! hover:text-token-text-primary! hover:bg-token-bg-secondary dark:bg-token-main-surface-secondary dark:hover:bg-token-bg-secondary bg-[#f4f4f4] \"><\/button><\/p>\n<p class=\"not-prose mt-0! mb-0! flex-auto truncate\">SESNOV<\/p>\n<p data-start=\"609\" data-end=\"771\"><strong data-start=\"609\" data-end=\"623\">Site web :<\/strong> <a class=\"decorated-link\" href=\"https:\/\/sesnov.net\" target=\"_new\" rel=\"noopener\" data-start=\"624\" data-end=\"642\">https:\/\/sesnov.net<\/a><br data-start=\"642\" data-end=\"645\" \/><strong data-start=\"645\" data-end=\"656\">Email :<\/strong> <a class=\"decorated-link cursor-pointer\" rel=\"noopener\" data-start=\"657\" data-end=\"675\">contact@sesnov.net &#8211; adnan@sesnov.net &#8211; contact@sesnov.ma<\/a><br data-start=\"675\" data-end=\"678\" \/><strong data-start=\"678\" data-end=\"693\">T\u00e9l\u00e9phone :<\/strong> +212 661 607 946<br data-start=\"710\" data-end=\"713\" \/><strong data-start=\"713\" data-end=\"738\">Zone d\u2019intervention :<\/strong> B\u00e9ni Mellal et partout au Maroc.<\/p>\n<hr data-start=\"773\" data-end=\"776\" \/>\n<h2 data-start=\"778\" data-end=\"796\">2. Commentaires<\/h2>\n<p data-start=\"798\" data-end=\"1036\">Lorsque les visiteurs laissent des commentaires sur le site, nous collectons les donn\u00e9es indiqu\u00e9es dans le formulaire de commentaire ainsi que l\u2019adresse IP du visiteur et les informations du navigateur afin d\u2019aider \u00e0 la d\u00e9tection du spam.<\/p>\n<p data-start=\"1038\" data-end=\"1285\">Une cha\u00eene anonymis\u00e9e cr\u00e9\u00e9e \u00e0 partir de votre adresse e-mail peut \u00eatre envoy\u00e9e au service Gravatar pour v\u00e9rifier si vous l\u2019utilisez. Apr\u00e8s validation du commentaire, votre photo de profil peut \u00eatre visible publiquement \u00e0 c\u00f4t\u00e9 de votre commentaire.<\/p>\n<hr data-start=\"1287\" data-end=\"1290\" \/>\n<h2 data-start=\"1292\" data-end=\"1304\">3. M\u00e9dias<\/h2>\n<p data-start=\"1306\" data-end=\"1447\">Si vous t\u00e9l\u00e9chargez des images sur le site web, nous vous recommandons d\u2019\u00e9viter d\u2019inclure des donn\u00e9es de localisation int\u00e9gr\u00e9es (EXIF GPS).<\/p>\n<p data-start=\"1449\" data-end=\"1575\">Les visiteurs du site peuvent t\u00e9l\u00e9charger et extraire ces donn\u00e9es de localisation \u00e0 partir des images disponibles sur le site.<\/p>\n<hr data-start=\"1577\" data-end=\"1580\" \/>\n<h2 data-start=\"1582\" data-end=\"1595\">4. Cookies<\/h2>\n<p data-start=\"1597\" data-end=\"1670\">Notre site utilise des cookies afin d\u2019am\u00e9liorer l\u2019exp\u00e9rience utilisateur.<\/p>\n<p data-start=\"1672\" data-end=\"2002\">Si vous laissez un commentaire sur notre site, vous pouvez choisir d\u2019enregistrer votre nom, adresse e-mail et site web dans des cookies. Ces cookies sont destin\u00e9s \u00e0 votre confort afin de ne pas avoir \u00e0 saisir \u00e0 nouveau ces informations lors d\u2019un prochain commentaire. Ils peuvent \u00eatre conserv\u00e9s pendant une dur\u00e9e maximale d\u2019un an.<\/p>\n<p data-start=\"2004\" data-end=\"2140\">Lorsque vous visitez notre page de connexion, un cookie temporaire peut \u00eatre cr\u00e9\u00e9 pour v\u00e9rifier si votre navigateur accepte les cookies.<\/p>\n<p data-start=\"2142\" data-end=\"2192\">Les cookies peuvent \u00e9galement \u00eatre utilis\u00e9s pour :<\/p>\n<ul data-start=\"2194\" data-end=\"2354\">\n<li data-start=\"2194\" data-end=\"2235\">\n<p data-start=\"2196\" data-end=\"2235\">assurer le bon fonctionnement du site<\/p>\n<\/li>\n<li data-start=\"2236\" data-end=\"2274\">\n<p data-start=\"2238\" data-end=\"2274\">am\u00e9liorer les performances du site<\/p>\n<\/li>\n<li data-start=\"2275\" data-end=\"2322\">\n<p data-start=\"2277\" data-end=\"2322\">analyser le trafic et l\u2019utilisation du site<\/p>\n<\/li>\n<li data-start=\"2323\" data-end=\"2354\">\n<p data-start=\"2325\" data-end=\"2354\">renforcer la s\u00e9curit\u00e9 du site<\/p>\n<\/li>\n<\/ul>\n<p data-start=\"2356\" data-end=\"2444\">Vous pouvez d\u00e9sactiver les cookies \u00e0 tout moment via les param\u00e8tres de votre navigateur.<\/p>\n<hr data-start=\"2446\" data-end=\"2449\" \/>\n<h2 data-start=\"2451\" data-end=\"2497\">5. Contenu int\u00e9gr\u00e9 provenant d\u2019autres sites<\/h2>\n<p data-start=\"2499\" data-end=\"2608\">Les articles de ce site peuvent inclure des contenus int\u00e9gr\u00e9s (par exemple : vid\u00e9os, images, articles, etc.).<\/p>\n<p data-start=\"2610\" data-end=\"2738\">Le contenu int\u00e9gr\u00e9 depuis d\u2019autres sites se comporte de la m\u00eame mani\u00e8re que si le visiteur se rendait directement sur ces sites.<\/p>\n<p data-start=\"2740\" data-end=\"2869\">Ces sites peuvent collecter des donn\u00e9es vous concernant, utiliser des cookies et suivre vos interactions avec ce contenu int\u00e9gr\u00e9.<\/p>\n<hr data-start=\"2871\" data-end=\"2874\" \/>\n<h2 data-start=\"2876\" data-end=\"2904\">6. Partage de vos donn\u00e9es<\/h2>\n<p data-start=\"2906\" data-end=\"2972\">SESNOV ne vend ni ne partage vos donn\u00e9es personnelles \u00e0 des tiers.<\/p>\n<p data-start=\"2974\" data-end=\"3081\">Certaines donn\u00e9es peuvent \u00eatre trait\u00e9es par des services n\u00e9cessaires au fonctionnement du site, notamment :<\/p>\n<ul data-start=\"3083\" data-end=\"3200\">\n<li data-start=\"3083\" data-end=\"3117\">\n<p data-start=\"3085\" data-end=\"3117\">les services d\u2019h\u00e9bergement web<\/p>\n<\/li>\n<li data-start=\"3118\" data-end=\"3152\">\n<p data-start=\"3120\" data-end=\"3152\">les outils de s\u00e9curit\u00e9 du site<\/p>\n<\/li>\n<li data-start=\"3153\" data-end=\"3200\">\n<p data-start=\"3155\" data-end=\"3200\">les services de d\u00e9tection automatique du spam<\/p>\n<\/li>\n<\/ul>\n<hr data-start=\"3202\" data-end=\"3205\" \/>\n<h2 data-start=\"3207\" data-end=\"3246\">7. Dur\u00e9e de conservation des donn\u00e9es<\/h2>\n<p data-start=\"3248\" data-end=\"3344\">Si vous laissez un commentaire, celui-ci et ses m\u00e9tadonn\u00e9es peuvent \u00eatre conserv\u00e9s ind\u00e9finiment.<\/p>\n<p data-start=\"3346\" data-end=\"3509\">Pour les utilisateurs qui s\u2019inscrivent sur le site (le cas \u00e9ch\u00e9ant), les informations personnelles fournies dans leur profil utilisateur sont \u00e9galement conserv\u00e9es.<\/p>\n<p data-start=\"3511\" data-end=\"3662\">Tous les utilisateurs peuvent consulter, modifier ou supprimer leurs informations personnelles \u00e0 tout moment (\u00e0 l\u2019exception de leur nom d\u2019utilisateur).<\/p>\n<hr data-start=\"3664\" data-end=\"3667\" \/>\n<h2 data-start=\"3669\" data-end=\"3708\">8. Vos droits concernant vos donn\u00e9es<\/h2>\n<p data-start=\"3710\" data-end=\"3812\">Si vous poss\u00e9dez un compte sur ce site ou si vous avez laiss\u00e9 des commentaires, vous pouvez demander :<\/p>\n<ul data-start=\"3814\" data-end=\"3935\">\n<li data-start=\"3814\" data-end=\"3852\">\n<p data-start=\"3816\" data-end=\"3852\">l\u2019acc\u00e8s \u00e0 vos donn\u00e9es personnelles<\/p>\n<\/li>\n<li data-start=\"3853\" data-end=\"3890\">\n<p data-start=\"3855\" data-end=\"3890\">la correction de vos informations<\/p>\n<\/li>\n<li data-start=\"3891\" data-end=\"3935\">\n<p data-start=\"3893\" data-end=\"3935\">la suppression de vos donn\u00e9es personnelles<\/p>\n<\/li>\n<\/ul>\n<p data-start=\"3937\" data-end=\"4007\">Cette demande peut \u00eatre faite en contactant :<br data-start=\"3982\" data-end=\"3985\" \/><strong data-start=\"3985\" data-end=\"4007\"><a class=\"decorated-link cursor-pointer\" rel=\"noopener\" data-start=\"3987\" data-end=\"4005\">contact@sesnov.net<\/a><\/strong><\/p>\n<p data-start=\"4009\" data-end=\"4111\">Certaines donn\u00e9es peuvent \u00eatre conserv\u00e9es pour des raisons administratives, juridiques ou de s\u00e9curit\u00e9.<\/p>\n<hr data-start=\"4113\" data-end=\"4116\" \/>\n<h2 data-start=\"4118\" data-end=\"4144\">9. S\u00e9curit\u00e9 des donn\u00e9es<\/h2>\n<p data-start=\"4146\" data-end=\"4318\">SESNOV met en \u0153uvre des mesures techniques et organisationnelles pour prot\u00e9ger les informations personnelles contre l\u2019acc\u00e8s non autoris\u00e9, la modification ou la divulgation.<\/p>\n<hr data-start=\"4320\" data-end=\"4323\" \/>\n<h2 data-start=\"4325\" data-end=\"4360\">10. O\u00f9 vos donn\u00e9es sont envoy\u00e9es<\/h2>\n<p data-start=\"4362\" data-end=\"4506\">Les commentaires des visiteurs peuvent \u00eatre v\u00e9rifi\u00e9s \u00e0 l\u2019aide d\u2019un service automatis\u00e9 de d\u00e9tection du spam afin de prot\u00e9ger la s\u00e9curit\u00e9 du site.<\/p>\n","protected":false},"excerpt":{"rendered":"<p>1. Qui sommes-nous SESNOV est une entreprise marocaine sp\u00e9cialis\u00e9e dans les solutions techniques int\u00e9gr\u00e9es pour les [&hellip;]<\/p>\n","protected":false},"author":1,"featured_media":0,"parent":0,"menu_order":0,"comment_status":"closed","ping_status":"open","template":"","meta":{"postBodyCss":"","postBodyMargin":[],"postBodyPadding":[],"postBodyBackground":{"backgroundType":"classic","gradient":""},"footnotes":""},"class_list":["post-3","page","type-page","status-publish","hentry"],"_links":{"self":[{"href":"https:\/\/sesnov.net\/en\/wp-json\/wp\/v2\/pages\/3","targetHints":{"allow":["GET"]}}],"collection":[{"href":"https:\/\/sesnov.net\/en\/wp-json\/wp\/v2\/pages"}],"about":[{"href":"https:\/\/sesnov.net\/en\/wp-json\/wp\/v2\/types\/page"}],"author":[{"embeddable":true,"href":"https:\/\/sesnov.net\/en\/wp-json\/wp\/v2\/users\/1"}],"replies":[{"embeddable":true,"href":"https:\/\/sesnov.net\/en\/wp-json\/wp\/v2\/comments?post=3"}],"version-history":[{"count":1,"href":"https:\/\/sesnov.net\/en\/wp-json\/wp\/v2\/pages\/3\/revisions"}],"predecessor-version":[{"id":7864,"href":"https:\/\/sesnov.net\/en\/wp-json\/wp\/v2\/pages\/3\/revisions\/7864"}],"wp:attachment":[{"href":"https:\/\/sesnov.net\/en\/wp-json\/wp\/v2\/media?parent=3"}],"curies":[{"name":"wp","href":"https:\/\/api.w.org\/{rel}","templated":true}]}}